{"id":295,"date":"2018-12-11T09:47:14","date_gmt":"2018-12-11T08:47:14","guid":{"rendered":"https:\/\/der-entsorger.es\/pie-de-imprenta\/"},"modified":"2026-03-25T16:18:19","modified_gmt":"2026-03-25T15:18:19","slug":"pie-de-imprenta","status":"publish","type":"page","link":"https:\/\/der-entsorger.es\/es\/pie-de-imprenta\/","title":{"rendered":"Pie de imprenta"},"content":{"rendered":"\t\t<div data-elementor-type=\"wp-page\" data-elementor-id=\"295\" class=\"elementor elementor-295 elementor-19\" data-elementor-post-type=\"page\">\n\t\t\t\t<div data-particle_enable=\"false\" data-particle-mobile-disabled=\"false\" class=\"elementor-element elementor-element-ad1611b e-flex e-con-boxed e-con e-parent\" data-id=\"ad1611b\" data-element_type=\"container\" data-e-type=\"container\">\n\t\t\t\t\t<div class=\"e-con-inner\">\n\t\t\t\t<div class=\"elementor-element elementor-element-1e79cd85 elementor-widget elementor-widget-text-editor\" data-id=\"1e79cd85\" data-element_type=\"widget\" data-e-type=\"widget\" data-widget_type=\"text-editor.default\">\n\t\t\t\t\t\t\t\t\t\t\t<p>Der Entsorger por Thomas Lott (responsable del contenido)  <\/p><p>Calle Col\u00f3n 3<\/p><p>03709 La Xara (D\u00e9nia)<\/p><p>Espa\u00f1a<\/p><p>Tel\u00e9fono: +34643428895<\/p><p>Correo electr\u00f3nico: info@der-entsorger.es<\/p><p>P\u00e1gina web: https:\/\/der-entsorger.es<\/p><p>NIE: Y5669713C<\/p><h3> <\/h3><h3>Descargo de responsabilidad<\/h3><h4>1. contenido de la oferta online<\/h4><p>El autor no asume ninguna responsabilidad por la actualidad, correcci\u00f3n, integridad o calidad de la informaci\u00f3n proporcionada. Quedan fundamentalmente excluidas las reclamaciones de responsabilidad contra el autor relativas a da\u00f1os materiales o inmateriales causados por el uso o no uso de la informaci\u00f3n proporcionada o por el uso de informaci\u00f3n incorrecta o incompleta, a menos que existan pruebas de dolo o negligencia grave por parte del autor. <br>Todas las ofertas est\u00e1n sujetas a cambios y no son vinculantes. El autor se reserva expresamente el derecho a modificar, completar o eliminar partes de las p\u00e1ginas o la oferta completa sin previo aviso, o a cesar la publicaci\u00f3n temporal o permanentemente.  <\/p><h4>2. referencias y enlaces<\/h4><p>En el caso de referencias directas o indirectas a sitios web externos (\u00abhiperv\u00ednculos\u00bb) que se encuentren fuera del \u00e1mbito de responsabilidad del autor, s\u00f3lo entrar\u00eda en vigor una obligaci\u00f3n de responsabilidad en caso de que el autor tuviera conocimiento del contenido y le fuera t\u00e9cnicamente posible y razonable impedir el uso en caso de contenido ilegal.  <br>Por la presente, el autor declara expresamente que en el momento de la creaci\u00f3n de los enlaces no era reconocible ning\u00fan contenido ilegal en las p\u00e1ginas enlazadas. El autor no tiene influencia alguna sobre el dise\u00f1o actual y futuro, el contenido o la autor\u00eda de las p\u00e1ginas enlazadas. Por lo tanto, el autor se distancia expresamente de todos los contenidos de todas las p\u00e1ginas enlazadas que se hayan modificado despu\u00e9s de crear el enlace. Esta declaraci\u00f3n se aplica a todos los enlaces y referencias establecidos dentro de la propia oferta de Internet del autor, as\u00ed como a las entradas de terceros y en todas las dem\u00e1s formas de bases de datos a cuyo contenido sea posible el acceso externo por escrito. La responsabilidad por el contenido ilegal, incorrecto o incompleto y, en particular, por los da\u00f1os resultantes del uso o no uso de dicha informaci\u00f3n recae \u00fanicamente en el proveedor de la p\u00e1gina a la que se hace referencia, y no en la persona que simplemente remite a la publicaci\u00f3n respectiva a trav\u00e9s de enlaces.    <\/p><h4>3. derecho de autor y etiquetado<\/h4><p>El autor se esfuerza por respetar los derechos de autor de las im\u00e1genes, gr\u00e1ficos, documentos sonoros, secuencias de v\u00eddeo y textos utilizados en todas las publicaciones, utilizar im\u00e1genes, gr\u00e1ficos, documentos sonoros, secuencias de v\u00eddeo y textos creados por \u00e9l mismo o hacer uso de gr\u00e1ficos, documentos sonoros, secuencias de v\u00eddeo y textos libres de licencia. <br>Todas las marcas y marcas registradas mencionadas en el sitio web y posiblemente protegidas por terceros est\u00e1n sujetas sin restricciones a las disposiciones de la ley de marcas aplicable y a los derechos de propiedad de los respectivos propietarios registrados. \u00a1La mera menci\u00f3n de una marca no implica que no est\u00e9 protegida por derechos de terceros!  <br>Los derechos de autor de los objetos publicados y creados por el propio autor pertenecen exclusivamente al autor de las p\u00e1ginas. Cualquier duplicaci\u00f3n o uso de objetos como diagramas, sonidos o textos en otras publicaciones electr\u00f3nicas o impresas no est\u00e1 permitido sin el consentimiento del autor. <\/p><h4>4 Validez jur\u00eddica de esta cl\u00e1usula de exenci\u00f3n de responsabilidad<\/h4><p>Esta exenci\u00f3n de responsabilidad debe considerarse parte de la publicaci\u00f3n en Internet desde la que se te remiti\u00f3. Si algunas secciones o t\u00e9rminos individuales de esta declaraci\u00f3n no son legales o correctos, el contenido o la validez de las otras partes no se ver\u00e1n afectados por este hecho. <\/p><h4>Notas sobre las im\u00e1genes<\/h4><p>Todas las im\u00e1genes proceden de nuestra propia fotograf\u00eda o tienen licencia o son im\u00e1genes de stock de uso libre de diversas plataformas de im\u00e1genes de stock y pueden utilizarse en este sitio web.  <\/p><p><\/p>\t\t\t\t\t\t\t\t<\/div>\n\t\t\t\t\t<\/div>\n\t\t\t\t<\/div>\n\t\t\t\t<\/div>\n\t\t","protected":false},"excerpt":{"rendered":"<p>Der Entsorger por Thomas Lott (responsable del contenido) Calle Col\u00f3n 3 03709 La Xara (D\u00e9nia) Espa\u00f1a Tel\u00e9fono: +34643428895 Correo electr\u00f3nico: info@der-entsorger.es P\u00e1gina web: https:\/\/der-entsorger.es NIE: Y5669713C Descargo de responsabilidad 1. contenido de la oferta online El autor no asume ninguna responsabilidad por la actualidad, correcci\u00f3n, integridad o calidad de la informaci\u00f3n proporcionada. Quedan fundamentalmente excluidas [&hellip;]<\/p>\n","protected":false},"author":1,"featured_media":0,"parent":0,"menu_order":0,"comment_status":"closed","ping_status":"closed","template":"","meta":{"footnotes":""},"categories":[],"tags":[],"class_list":["post-295","page","type-page","status-publish","hentry","wpbf-post"],"yoast_head":"<!-- This site is optimized with the Yoast SEO plugin v27.5 - https:\/\/yoast.com\/product\/yoast-seo-wordpress\/ -->\n<title>Pie de imprenta - Der Entsorger<\/title>\n<meta name=\"description\" content=\"El aviso legal de Der Entsorger contiene informaci\u00f3n jur\u00eddica importante. Visita nuestra p\u00e1gina para m\u00e1s detalles y contacto.\" \/>\n<meta name=\"robots\" content=\"index, follow, max-snippet:-1, max-image-preview:large, max-video-preview:-1\" \/>\n<link rel=\"canonical\" href=\"https:\/\/der-entsorger.es\/es\/pie-de-imprenta\/\" \/>\n<meta property=\"og:locale\" content=\"es_ES\" \/>\n<meta property=\"og:type\" content=\"article\" \/>\n<meta property=\"og:title\" content=\"Pie de imprenta - Der Entsorger\" \/>\n<meta property=\"og:description\" content=\"El aviso legal de Der Entsorger contiene informaci\u00f3n jur\u00eddica importante. Visita nuestra p\u00e1gina para m\u00e1s detalles y contacto.\" \/>\n<meta property=\"og:url\" content=\"https:\/\/der-entsorger.es\/es\/pie-de-imprenta\/\" \/>\n<meta property=\"og:site_name\" content=\"Der Entsorger\" \/>\n<meta property=\"article:modified_time\" content=\"2026-03-25T15:18:19+00:00\" \/>\n<meta name=\"twitter:card\" content=\"summary_large_image\" \/>\n<meta name=\"twitter:label1\" content=\"Tiempo de lectura\" \/>\n\t<meta name=\"twitter:data1\" content=\"3 minutos\" \/>\n<script type=\"application\/ld+json\" class=\"yoast-schema-graph\">{\"@context\":\"https:\\\/\\\/schema.org\",\"@graph\":[{\"@type\":\"WebPage\",\"@id\":\"https:\\\/\\\/der-entsorger.es\\\/es\\\/pie-de-imprenta\\\/\",\"url\":\"https:\\\/\\\/der-entsorger.es\\\/es\\\/pie-de-imprenta\\\/\",\"name\":\"Pie de imprenta - Der Entsorger\",\"isPartOf\":{\"@id\":\"https:\\\/\\\/der-entsorger.es\\\/es\\\/#website\"},\"datePublished\":\"2018-12-11T08:47:14+00:00\",\"dateModified\":\"2026-03-25T15:18:19+00:00\",\"description\":\"El aviso legal de Der Entsorger contiene informaci\u00f3n jur\u00eddica importante. Visita nuestra p\u00e1gina para m\u00e1s detalles y contacto.\",\"breadcrumb\":{\"@id\":\"https:\\\/\\\/der-entsorger.es\\\/es\\\/pie-de-imprenta\\\/#breadcrumb\"},\"inLanguage\":\"es\",\"potentialAction\":[{\"@type\":\"ReadAction\",\"target\":[\"https:\\\/\\\/der-entsorger.es\\\/es\\\/pie-de-imprenta\\\/\"]}]},{\"@type\":\"BreadcrumbList\",\"@id\":\"https:\\\/\\\/der-entsorger.es\\\/es\\\/pie-de-imprenta\\\/#breadcrumb\",\"itemListElement\":[{\"@type\":\"ListItem\",\"position\":1,\"name\":\"Startseite\",\"item\":\"https:\\\/\\\/der-entsorger.es\\\/es\\\/\"},{\"@type\":\"ListItem\",\"position\":2,\"name\":\"Pie de imprenta\"}]},{\"@type\":\"WebSite\",\"@id\":\"https:\\\/\\\/der-entsorger.es\\\/es\\\/#website\",\"url\":\"https:\\\/\\\/der-entsorger.es\\\/es\\\/\",\"name\":\"Der Entsorger\",\"description\":\"Ihr Entr\u00fcmplungsdienst &amp; Haushaltsaufl\u00f6ser rund um D\u00e9nia\",\"publisher\":{\"@id\":\"https:\\\/\\\/der-entsorger.es\\\/es\\\/#organization\"},\"potentialAction\":[{\"@type\":\"SearchAction\",\"target\":{\"@type\":\"EntryPoint\",\"urlTemplate\":\"https:\\\/\\\/der-entsorger.es\\\/es\\\/?s={search_term_string}\"},\"query-input\":{\"@type\":\"PropertyValueSpecification\",\"valueRequired\":true,\"valueName\":\"search_term_string\"}}],\"inLanguage\":\"es\"},{\"@type\":\"Organization\",\"@id\":\"https:\\\/\\\/der-entsorger.es\\\/es\\\/#organization\",\"name\":\"Der Entsorger\",\"alternateName\":\"by Thomas Lott\",\"url\":\"https:\\\/\\\/der-entsorger.es\\\/es\\\/\",\"logo\":{\"@type\":\"ImageObject\",\"inLanguage\":\"es\",\"@id\":\"https:\\\/\\\/der-entsorger.es\\\/es\\\/#\\\/schema\\\/logo\\\/image\\\/\",\"url\":\"https:\\\/\\\/der-entsorger.es\\\/wp-content\\\/uploads\\\/2026\\\/03\\\/cropped-Der-Entsorger-scaled-1.png\",\"contentUrl\":\"https:\\\/\\\/der-entsorger.es\\\/wp-content\\\/uploads\\\/2026\\\/03\\\/cropped-Der-Entsorger-scaled-1.png\",\"width\":2484,\"height\":660,\"caption\":\"Der Entsorger\"},\"image\":{\"@id\":\"https:\\\/\\\/der-entsorger.es\\\/es\\\/#\\\/schema\\\/logo\\\/image\\\/\"}}]}<\/script>\n<!-- \/ Yoast SEO plugin. -->","yoast_head_json":{"title":"Pie de imprenta - Der Entsorger","description":"El aviso legal de Der Entsorger contiene informaci\u00f3n jur\u00eddica importante. Visita nuestra p\u00e1gina para m\u00e1s detalles y contacto.","robots":{"index":"index","follow":"follow","max-snippet":"max-snippet:-1","max-image-preview":"max-image-preview:large","max-video-preview":"max-video-preview:-1"},"canonical":"https:\/\/der-entsorger.es\/es\/pie-de-imprenta\/","og_locale":"es_ES","og_type":"article","og_title":"Pie de imprenta - Der Entsorger","og_description":"El aviso legal de Der Entsorger contiene informaci\u00f3n jur\u00eddica importante. Visita nuestra p\u00e1gina para m\u00e1s detalles y contacto.","og_url":"https:\/\/der-entsorger.es\/es\/pie-de-imprenta\/","og_site_name":"Der Entsorger","article_modified_time":"2026-03-25T15:18:19+00:00","twitter_card":"summary_large_image","twitter_misc":{"Tiempo de lectura":"3 minutos"},"schema":{"@context":"https:\/\/schema.org","@graph":[{"@type":"WebPage","@id":"https:\/\/der-entsorger.es\/es\/pie-de-imprenta\/","url":"https:\/\/der-entsorger.es\/es\/pie-de-imprenta\/","name":"Pie de imprenta - Der Entsorger","isPartOf":{"@id":"https:\/\/der-entsorger.es\/es\/#website"},"datePublished":"2018-12-11T08:47:14+00:00","dateModified":"2026-03-25T15:18:19+00:00","description":"El aviso legal de Der Entsorger contiene informaci\u00f3n jur\u00eddica importante. Visita nuestra p\u00e1gina para m\u00e1s detalles y contacto.","breadcrumb":{"@id":"https:\/\/der-entsorger.es\/es\/pie-de-imprenta\/#breadcrumb"},"inLanguage":"es","potentialAction":[{"@type":"ReadAction","target":["https:\/\/der-entsorger.es\/es\/pie-de-imprenta\/"]}]},{"@type":"BreadcrumbList","@id":"https:\/\/der-entsorger.es\/es\/pie-de-imprenta\/#breadcrumb","itemListElement":[{"@type":"ListItem","position":1,"name":"Startseite","item":"https:\/\/der-entsorger.es\/es\/"},{"@type":"ListItem","position":2,"name":"Pie de imprenta"}]},{"@type":"WebSite","@id":"https:\/\/der-entsorger.es\/es\/#website","url":"https:\/\/der-entsorger.es\/es\/","name":"Der Entsorger","description":"Ihr Entr\u00fcmplungsdienst &amp; Haushaltsaufl\u00f6ser rund um D\u00e9nia","publisher":{"@id":"https:\/\/der-entsorger.es\/es\/#organization"},"potentialAction":[{"@type":"SearchAction","target":{"@type":"EntryPoint","urlTemplate":"https:\/\/der-entsorger.es\/es\/?s={search_term_string}"},"query-input":{"@type":"PropertyValueSpecification","valueRequired":true,"valueName":"search_term_string"}}],"inLanguage":"es"},{"@type":"Organization","@id":"https:\/\/der-entsorger.es\/es\/#organization","name":"Der Entsorger","alternateName":"by Thomas Lott","url":"https:\/\/der-entsorger.es\/es\/","logo":{"@type":"ImageObject","inLanguage":"es","@id":"https:\/\/der-entsorger.es\/es\/#\/schema\/logo\/image\/","url":"https:\/\/der-entsorger.es\/wp-content\/uploads\/2026\/03\/cropped-Der-Entsorger-scaled-1.png","contentUrl":"https:\/\/der-entsorger.es\/wp-content\/uploads\/2026\/03\/cropped-Der-Entsorger-scaled-1.png","width":2484,"height":660,"caption":"Der Entsorger"},"image":{"@id":"https:\/\/der-entsorger.es\/es\/#\/schema\/logo\/image\/"}}]}},"_links":{"self":[{"href":"https:\/\/der-entsorger.es\/es\/wp-json\/wp\/v2\/pages\/295","targetHints":{"allow":["GET"]}}],"collection":[{"href":"https:\/\/der-entsorger.es\/es\/wp-json\/wp\/v2\/pages"}],"about":[{"href":"https:\/\/der-entsorger.es\/es\/wp-json\/wp\/v2\/types\/page"}],"author":[{"embeddable":true,"href":"https:\/\/der-entsorger.es\/es\/wp-json\/wp\/v2\/users\/1"}],"replies":[{"embeddable":true,"href":"https:\/\/der-entsorger.es\/es\/wp-json\/wp\/v2\/comments?post=295"}],"version-history":[{"count":6,"href":"https:\/\/der-entsorger.es\/es\/wp-json\/wp\/v2\/pages\/295\/revisions"}],"predecessor-version":[{"id":407,"href":"https:\/\/der-entsorger.es\/es\/wp-json\/wp\/v2\/pages\/295\/revisions\/407"}],"wp:attachment":[{"href":"https:\/\/der-entsorger.es\/es\/wp-json\/wp\/v2\/media?parent=295"}],"wp:term":[{"taxonomy":"category","embeddable":true,"href":"https:\/\/der-entsorger.es\/es\/wp-json\/wp\/v2\/categories?post=295"},{"taxonomy":"post_tag","embeddable":true,"href":"https:\/\/der-entsorger.es\/es\/wp-json\/wp\/v2\/tags?post=295"}],"curies":[{"name":"wp","href":"https:\/\/api.w.org\/{rel}","templated":true}]}}